{"id":309,"date":"2019-06-03T23:50:26","date_gmt":"2019-06-03T23:50:26","guid":{"rendered":"http:\/\/moneyja.com.br\/?page_id=309"},"modified":"2019-10-25T17:28:26","modified_gmt":"2019-10-25T17:28:26","slug":"financiamento-imobiliario","status":"publish","type":"page","link":"https:\/\/moneyja.com.br\/?page_id=309","title":{"rendered":"Financiamento Imobili\u00e1rio"},"content":{"rendered":"<p>[et_pb_section fb_built=&#8221;1&#8243; custom_padding_last_edited=&#8221;on|desktop&#8221; _builder_version=&#8221;3.23.3&#8243; use_background_color_gradient=&#8221;on&#8221; background_color_gradient_start=&#8221;#21932c&#8221; background_image=&#8221;http:\/\/moneyja.com.br\/wp-content\/uploads\/2019\/06\/financiamento-imobiliario.jpg&#8221; background_blend=&#8221;multiply&#8221; custom_padding=&#8221;80px|0px|80px|0px|true|false&#8221; custom_padding_phone=&#8221;35px||35px||true|false&#8221; fb_built=&#8221;1&#8243; _i=&#8221;0&#8243; _address=&#8221;0&#8243;][et_pb_row custom_padding_last_edited=&#8221;on|phone&#8221; _builder_version=&#8221;3.25&#8243; custom_padding=&#8221;80px|0px|80px|0px|true|false&#8221; custom_padding_tablet=&#8221;0px||0px&#8221; _i=&#8221;0&#8243; _address=&#8221;0.0&#8243;][et_pb_column type=&#8221;4_4&#8243; _builder_version=&#8221;3.25&#8243; custom_padding=&#8221;|||&#8221; _i=&#8221;0&#8243; _address=&#8221;0.0.0&#8243; custom_padding__hover=&#8221;|||&#8221;][et_pb_post_title meta=&#8221;off&#8221; featured_image=&#8221;off&#8221; text_color=&#8221;light&#8221; _builder_version=&#8221;3.23.3&#8243; title_font=&#8221;||||||||&#8221; title_text_align=&#8221;left&#8221; text_orientation=&#8221;center&#8221; title_font_size_phone=&#8221;40px&#8221; title_font_size_last_edited=&#8221;on|phone&#8221; _i=&#8221;0&#8243; _address=&#8221;0.0.0.0&#8243;][\/et_pb_post_title][et_pb_text _builder_version=&#8221;3.27.4&#8243; text_font=&#8221;||||||||&#8221; text_font_size=&#8221;15px&#8221; background_layout=&#8221;dark&#8221; text_font_size_last_edited=&#8221;on|phone&#8221; _i=&#8221;1&#8243; _address=&#8221;0.0.0.1&#8243;]<\/p>\n<p>[rank_math_breadcrumb]<\/p>\n<p>[\/et_pb_text][et_pb_text _builder_version=&#8221;3.27.4&#8243; text_font=&#8221;||||||||&#8221; text_font_size=&#8221;30px&#8221; text_line_height=&#8221;1.8em&#8221; header_font=&#8221;||||||||&#8221; background_layout=&#8221;dark&#8221; _i=&#8221;2&#8243; _address=&#8221;0.0.0.2&#8243;]<\/p>\n<p class=\"elementor-heading-title elementor-size-default\">N\u00e3o Cobramos Taxas Antecipadas Para Sua Seguran\u00e7a, e ajudamos voc\u00ea mesmo que j\u00e1 tenha sido <strong>Reprovado em Outros Bancos<\/strong>!<\/p>\n<p>[\/et_pb_text][et_pb_text _builder_version=&#8221;3.27.4&#8243; text_font=&#8221;||||||||&#8221; text_font_size=&#8221;20px&#8221; background_layout=&#8221;dark&#8221; custom_margin=&#8221;15px||45px|||&#8221; _i=&#8221;3&#8243; _address=&#8221;0.0.0.3&#8243;]<\/p>\n<p>N\u00f3s da Money J\u00e1 buscamos atender e flexibilizar esse processo, at\u00e9 para aqueles que j\u00e1 tiveram tentativas de financiamento recusadas. Nosso objetivo \u00e9 ajudar voc\u00ea a ficar mais pr\u00f3ximo do sonho de uma casa pr\u00f3pria.<\/p>\n<p>[\/et_pb_text][et_pb_button button_url=&#8221;#financiamento&#8221; button_text=&#8221;Quero Financiar Meu Im\u00f3vel&#8221; button_alignment=&#8221;left&#8221; _builder_version=&#8221;3.23.3&#8243; custom_button=&#8221;on&#8221; button_text_size=&#8221;14px&#8221; button_bg_color=&#8221;#f7931e&#8221; button_border_width=&#8221;10px&#8221; button_border_color=&#8221;#F7931E&#8221; button_border_radius=&#8221;25px&#8221; button_font=&#8221;|800||on|||||&#8221; button_icon=&#8221;%%155%%&#8221; background_layout=&#8221;dark&#8221; button_bg_color__hover_enabled=&#8221;on&#8221; button_bg_color__hover=&#8221;#21932c&#8221; button_border_color__hover_enabled=&#8221;on&#8221; button_border_color__hover=&#8221;#21932c&#8221; _i=&#8221;4&#8243; _address=&#8221;0.0.0.4&#8243;][\/et_pb_button][et_pb_text _builder_version=&#8221;3.27.4&#8243; text_font=&#8221;||||||||&#8221; text_font_size=&#8221;15px&#8221; background_layout=&#8221;dark&#8221; text_font_size_last_edited=&#8221;on|phone&#8221; _i=&#8221;5&#8243; _address=&#8221;0.0.0.5&#8243;]<\/p>\n<p><strong>Taxas a partir de 1,07 a.m + IPCA <\/strong>At\u00e9 <strong>2x mais barato<\/strong> do que um empr\u00e9stimo pessoal.<\/p>\n<p>[\/et_pb_text][\/et_pb_column][\/et_pb_row][\/et_pb_section][et_pb_section fb_built=&#8221;1&#8243; _builder_version=&#8221;3.23.3&#8243; background_image=&#8221;http:\/\/moneyja.com.br\/wp-content\/uploads\/2019\/06\/liberdade-financeira.png&#8221; custom_padding=&#8221;50px||50px||true|&#8221; fb_built=&#8221;1&#8243; _i=&#8221;1&#8243; _address=&#8221;1&#8243;][et_pb_row _builder_version=&#8221;3.25&#8243; custom_padding=&#8221;50px||50px||true|&#8221; _i=&#8221;0&#8243; _address=&#8221;1.0&#8243;][et_pb_column type=&#8221;4_4&#8243; _builder_version=&#8221;3.25&#8243; custom_padding=&#8221;|||&#8221; _i=&#8221;0&#8243; _address=&#8221;1.0.0&#8243; custom_padding__hover=&#8221;|||&#8221;][et_pb_text _builder_version=&#8221;3.27.4&#8243; text_font=&#8221;||||||||&#8221; text_font_size=&#8221;25px&#8221; text_line_height=&#8221;1.8em&#8221; header_font=&#8221;||||||||&#8221; header_2_font=&#8221;|300|||||||&#8221; text_orientation=&#8221;center&#8221; _i=&#8221;0&#8243; _address=&#8221;1.0.0.0&#8243;]<\/p>\n<div class=\"row\">\n<div class=\"col-small-12 col--center center\">\n<h2>O que \u00e9<strong> Financiamento Imobili\u00e1rio<\/strong>?<\/h2>\n<\/div>\n<\/div>\n<p>[\/et_pb_text][et_pb_text _builder_version=&#8221;3.27.4&#8243; text_font=&#8221;||||||||&#8221; text_orientation=&#8221;justify&#8221; text_text_align=&#8221;justify&#8221; _i=&#8221;1&#8243; _address=&#8221;1.0.0.1&#8243;]<\/p>\n<p>Quem busca financiamento para comprar um im\u00f3vel pode enfrentar uma dura burocracia e acabar tendo seu pedido negado.<\/p>\n<p>Na pr\u00e1tica um financiamento imobili\u00e1rio \u00e9 o mesmo que comprar um im\u00f3vel com dinheiro de terceiro, ou seja, os im\u00f3veis s\u00e3o vendidos a vista e voc\u00ea n\u00e3o tem dinheiro para pagar a vista, ent\u00e3o recorre a um banco que lhe empresta o dinheiro para o pagamento do im\u00f3vel e cobrar\u00e1 este valor em parcelas mensais e sucessivas, acrescidas de juros, seguro e outras taxas, at\u00e9 que todo o valor seja pago.<\/p>\n<p>Depois de juntar toda a documenta\u00e7\u00e3o, o banco ir\u00e1 realizar o processo interno que incluir\u00e1 uma visita do engenheiro deles ao im\u00f3vel para avalia\u00e7\u00e3o do mesmo, ao final do processo que pode demorar de semanas a meses, compradores e vendedores assinar\u00e3o o contrato de financiamento com o banco. O vendedor precisar\u00e1 esperar ainda mais uns 30 dias para receber o dinheiro do banco, j\u00e1 que a libera\u00e7\u00e3o s\u00f3 ocorre depois que for registrado o im\u00f3vel para efeito de averba\u00e7\u00e3o do bem financiado.<\/p>\n<p>[\/et_pb_text][\/et_pb_column][\/et_pb_row][et_pb_row _builder_version=&#8221;3.25&#8243; custom_padding=&#8221;0px||0px||true|&#8221; _i=&#8221;1&#8243; _address=&#8221;1.1&#8243;][et_pb_column type=&#8221;4_4&#8243; _builder_version=&#8221;3.25&#8243; custom_padding=&#8221;|||&#8221; _i=&#8221;0&#8243; _address=&#8221;1.1.0&#8243; custom_padding__hover=&#8221;|||&#8221;][et_pb_text _builder_version=&#8221;3.27.4&#8243; text_font=&#8221;|300|||||||&#8221; text_font_size=&#8221;25px&#8221; text_line_height=&#8221;1.8em&#8221; header_font=&#8221;|300|||||||&#8221; header_2_font=&#8221;|300|||||||&#8221; header_2_font_size=&#8221;25px&#8221; header_3_font=&#8221;|300|||||||&#8221; header_3_font_size=&#8221;21px&#8221; text_orientation=&#8221;center&#8221; _i=&#8221;0&#8243; _address=&#8221;1.1.0.0&#8243;]<\/p>\n<h3>Simule seu <b>Finaciamento Imobili\u00e1rio <\/b>Agora Mesmo e totalmente Online <strong>Clicando no Bot\u00e3o Abaixo<\/strong><\/h3>\n<p>[\/et_pb_text][et_pb_text _builder_version=&#8221;3.27.4&#8243; text_font=&#8221;||||||||&#8221; text_orientation=&#8221;center&#8221; _i=&#8221;1&#8243; _address=&#8221;1.1.0.1&#8243;]<\/p>\n<p>Ap\u00f3s clicar no Bot\u00e3o role a janela para baixo, <strong>selecione o valor do seu im\u00f3vel<\/strong> e veja os valores e condi\u00e7\u00f5es apresentados exclusivamente para voc\u00ea.<\/p>\n<p>[\/et_pb_text][et_pb_code _builder_version=&#8221;3.23.3&#8243; _i=&#8221;2&#8243; _address=&#8221;1.1.0.2&#8243;]<iframe src=\"http:\/\/moneyja.com.br\/wp-content\/themes\/Divi-child\/financiamento.html\" style=\"border:0px #ffffff none;\" name=\"simulador\" scrolling=\"yes\" frameborder=\"1\" marginheight=\"0px\" marginwidth=\"0px\" height=\"300px\" width=\"1280px\" allowfullscreen><\/iframe>[\/et_pb_code][\/et_pb_column][\/et_pb_row][\/et_pb_section][et_pb_section fb_built=&#8221;1&#8243; _builder_version=&#8221;3.23.3&#8243; custom_padding=&#8221;49px||49px||true|false&#8221; fb_built=&#8221;1&#8243; _i=&#8221;2&#8243; _address=&#8221;2&#8243;][et_pb_row module_class=&#8221; et_pb_row_fullwidth&#8221; _builder_version=&#8221;3.25&#8243; width=&#8221;89%&#8221; width_tablet=&#8221;80%&#8221; width_last_edited=&#8221;on|desktop&#8221; max_width=&#8221;89%&#8221; max_width_tablet=&#8221;80%&#8221; max_width_last_edited=&#8221;on|desktop&#8221; make_fullwidth=&#8221;on&#8221; _i=&#8221;0&#8243; _address=&#8221;2.0&#8243;][et_pb_column type=&#8221;4_4&#8243; _builder_version=&#8221;3.25&#8243; custom_padding=&#8221;|||&#8221; _i=&#8221;0&#8243; _address=&#8221;2.0.0&#8243; custom_padding__hover=&#8221;|||&#8221;][et_pb_text _builder_version=&#8221;3.27.4&#8243; text_font=&#8221;||||||||&#8221; text_font_size=&#8221;25px&#8221; text_line_height=&#8221;1.8em&#8221; header_font=&#8221;||||||||&#8221; header_3_font=&#8221;|300|||||||&#8221; text_orientation=&#8221;center&#8221; _i=&#8221;0&#8243; _address=&#8221;2.0.0.0&#8243;]<\/p>\n<h3>Como funciona o <strong>Financiamento Imobili\u00e1rio<\/strong> aqui na Money J\u00e1 ?<\/h3>\n<p>[\/et_pb_text][\/et_pb_column][\/et_pb_row][et_pb_row column_structure=&#8221;1_3,1_3,1_3&#8243; make_equal=&#8221;on&#8221; disabled_on=&#8221;off|off|off&#8221; module_class=&#8221; et_pb_row_fullwidth&#8221; _builder_version=&#8221;3.25&#8243; width=&#8221;89%&#8221; width_tablet=&#8221;80%&#8221; width_last_edited=&#8221;on|desktop&#8221; max_width=&#8221;89%&#8221; max_width_tablet=&#8221;80%&#8221; max_width_last_edited=&#8221;on|desktop&#8221; custom_padding=&#8221;35px|0px|35px|0px|true|false&#8221; make_fullwidth=&#8221;on&#8221; _i=&#8221;1&#8243; _address=&#8221;2.1&#8243;][et_pb_column type=&#8221;1_3&#8243; _builder_version=&#8221;3.25&#8243; custom_padding=&#8221;|||&#8221; _i=&#8221;0&#8243; _address=&#8221;2.1.0&#8243; custom_padding__hover=&#8221;|||&#8221;][et_pb_blurb title=&#8221;Menos Burocr\u00e1tico&#8221; image=&#8221;http:\/\/moneyja.com.br\/wp-content\/uploads\/2019\/06\/analise-credito.png&#8221; _builder_version=&#8221;3.23.3&#8243; _i=&#8221;0&#8243; _address=&#8221;2.1.0.0&#8243;]<\/p>\n<p>Nosso sistema permite a comprova\u00e7\u00e3o de renda com v\u00e1rias pessoas no contrato, inclusive a movimenta\u00e7\u00e3o de pessoas jur\u00eddicas e pessoas f\u00edsicas para compor a renda necess\u00e1ria<\/p>\n<p>[\/et_pb_blurb][\/et_pb_column][et_pb_column type=&#8221;1_3&#8243; _builder_version=&#8221;3.25&#8243; custom_padding=&#8221;|||&#8221; _i=&#8221;1&#8243; _address=&#8221;2.1.1&#8243; custom_padding__hover=&#8221;|||&#8221;][et_pb_blurb title=&#8221;Aprova\u00e7\u00e3o Facilitada&#8221; image=&#8221;http:\/\/moneyja.com.br\/wp-content\/uploads\/2019\/06\/avaliacao-simplificada.png&#8221; _builder_version=&#8221;3.23.3&#8243; _i=&#8221;0&#8243; _address=&#8221;2.1.1.0&#8243;]<\/p>\n<p>Para facilitar a sua aprova\u00e7\u00e3o, liberamos o uso do seu Fundo de Garantia para completar o pagamento do im\u00f3vel por n\u00f3s Financiado.<\/p>\n<p>[\/et_pb_blurb][\/et_pb_column][et_pb_column type=&#8221;1_3&#8243; _builder_version=&#8221;3.25&#8243; custom_padding=&#8221;|||&#8221; _i=&#8221;2&#8243; _address=&#8221;2.1.2&#8243; custom_padding__hover=&#8221;|||&#8221;][et_pb_blurb title=&#8221;Prazos mais Flex\u00edveis&#8221; image=&#8221;http:\/\/moneyja.com.br\/wp-content\/uploads\/2019\/06\/liberacao-tres-dias.png&#8221; _builder_version=&#8221;3.23.3&#8243; _i=&#8221;0&#8243; _address=&#8221;2.1.2.0&#8243;]<\/p>\n<p>Financiamentos em at\u00e9 240 meses pelas tabelas SAC ou Price, apresentaremos as melhores taxas de acordo com seu perfil de cr\u00e9dito.<\/p>\n<p>[\/et_pb_blurb][\/et_pb_column][\/et_pb_row][\/et_pb_section][et_pb_section fb_built=&#8221;1&#8243; _builder_version=&#8221;3.23.3&#8243; use_background_color_gradient=&#8221;on&#8221; background_color_gradient_start=&#8221;#f7931e&#8221; background_color_gradient_end=&#8221;#e02b20&#8243; background_image=&#8221;http:\/\/moneyja.com.br\/wp-content\/uploads\/2019\/06\/liberdade-financeira.png&#8221; background_blend=&#8221;multiply&#8221; custom_padding=&#8221;49px||49px||true|&#8221; fb_built=&#8221;1&#8243; _i=&#8221;3&#8243; _address=&#8221;3&#8243;][et_pb_row _builder_version=&#8221;3.25&#8243; _i=&#8221;0&#8243; _address=&#8221;3.0&#8243;][et_pb_column type=&#8221;4_4&#8243; _builder_version=&#8221;3.25&#8243; custom_padding=&#8221;|||&#8221; _i=&#8221;0&#8243; _address=&#8221;3.0.0&#8243; custom_padding__hover=&#8221;|||&#8221;][et_pb_text _builder_version=&#8221;3.27.4&#8243; text_font=&#8221;||||||||&#8221; text_font_size=&#8221;30px&#8221; text_line_height=&#8221;1.8em&#8221; header_font=&#8221;||||||||&#8221; header_3_font=&#8221;|300|||||||&#8221; text_orientation=&#8221;center&#8221; background_layout=&#8221;dark&#8221; module_alignment=&#8221;center&#8221; _i=&#8221;0&#8243; _address=&#8221;3.0.0.0&#8243;]<\/p>\n<h3>Por que Financiar seu Im\u00f3vel com a Money J\u00e1?<\/h3>\n<p>[\/et_pb_text][\/et_pb_column][\/et_pb_row][et_pb_row column_structure=&#8221;1_3,1_3,1_3&#8243; make_equal=&#8221;on&#8221; module_class=&#8221; et_pb_row_fullwidth&#8221; _builder_version=&#8221;3.25&#8243; width=&#8221;89%&#8221; width_tablet=&#8221;80%&#8221; width_last_edited=&#8221;on|desktop&#8221; max_width=&#8221;89%&#8221; max_width_tablet=&#8221;80%&#8221; max_width_last_edited=&#8221;on|desktop&#8221; custom_padding=&#8221;50px|||||&#8221; make_fullwidth=&#8221;on&#8221; _i=&#8221;1&#8243; _address=&#8221;3.1&#8243;][et_pb_column type=&#8221;1_3&#8243; _builder_version=&#8221;3.25&#8243; custom_padding=&#8221;|||&#8221; _i=&#8221;0&#8243; _address=&#8221;3.1.0&#8243; custom_padding__hover=&#8221;|||&#8221;][et_pb_blurb title=&#8221;Melhor taxa do Mercado&#8221; use_icon=&#8221;on&#8221; font_icon=&#8221;%%151%%&#8221; icon_color=&#8221;#ffffff&#8221; icon_placement=&#8221;left&#8221; use_icon_font_size=&#8221;on&#8221; icon_font_size=&#8221;30px&#8221; _builder_version=&#8221;3.23.3&#8243; header_font=&#8221;||||||||&#8221; body_font=&#8221;||||||||&#8221; background_layout=&#8221;dark&#8221; _i=&#8221;0&#8243; _address=&#8221;3.1.0.0&#8243;]<\/p>\n<p>Com empr\u00e9stimos no mercado podendo a chegar a 12% ao m\u00eas, a Money J\u00e1 \u00e9 a op\u00e7\u00e3o ideal para quem precisa de financiamento com taxas que cabem no seu bolso: <strong>a partir de 1,07% ao m\u00eas + IPCA.<\/strong><\/p>\n<p>[\/et_pb_blurb][\/et_pb_column][et_pb_column type=&#8221;1_3&#8243; _builder_version=&#8221;3.25&#8243; custom_padding=&#8221;|||&#8221; _i=&#8221;1&#8243; _address=&#8221;3.1.1&#8243; custom_padding__hover=&#8221;|||&#8221;][et_pb_blurb title=&#8221;Parcelas que cabem no bolso&#8221; use_icon=&#8221;on&#8221; font_icon=&#8221;%%128%%&#8221; icon_color=&#8221;#ffffff&#8221; icon_placement=&#8221;left&#8221; use_icon_font_size=&#8221;on&#8221; icon_font_size=&#8221;30px&#8221; _builder_version=&#8221;3.23.3&#8243; header_font=&#8221;||||||||&#8221; body_font=&#8221;||||||||&#8221; background_layout=&#8221;dark&#8221; _i=&#8221;0&#8243; _address=&#8221;3.1.1.0&#8243;]<\/p>\n<p>Nada de ficar pagando parcelas alt\u00edssimas todos os meses e comprometendo seu or\u00e7amento. Com a Money j\u00e1, voc\u00ea pode obter empr\u00e9stimos de <strong>at\u00e9 180 meses<\/strong> com parcelas que voc\u00ea pode pagar.<\/p>\n<p>[\/et_pb_blurb][\/et_pb_column][et_pb_column type=&#8221;1_3&#8243; _builder_version=&#8221;3.25&#8243; custom_padding=&#8221;|||&#8221; _i=&#8221;2&#8243; _address=&#8221;3.1.2&#8243; custom_padding__hover=&#8221;|||&#8221;][et_pb_blurb title=&#8221;Consiga cr\u00e9dito com quem voc\u00ea pode confiar&#8221; use_icon=&#8221;on&#8221; font_icon=&#8221;%%162%%&#8221; icon_color=&#8221;#ffffff&#8221; icon_placement=&#8221;left&#8221; use_icon_font_size=&#8221;on&#8221; icon_font_size=&#8221;30px&#8221; _builder_version=&#8221;3.23.3&#8243; header_font=&#8221;||||||||&#8221; body_font=&#8221;||||||||&#8221; background_layout=&#8221;dark&#8221; _i=&#8221;0&#8243; _address=&#8221;3.1.2.0&#8243;]<\/p>\n<p>Empr\u00e9stimo \u00e9 coisa s\u00e9ria. Por isso solicite seu cr\u00e9dito com quem trabalha no mercado desde 1994. A Money j\u00e1 tem mais de <strong>20 anos<\/strong> segue todos os regulamentos do Banco Central, trazendo mais seguran\u00e7a e tranquilidade para voc\u00ea.<\/p>\n<p>[\/et_pb_blurb][\/et_pb_column][\/et_pb_row][\/et_pb_section][et_pb_section fb_built=&#8221;1&#8243; module_id=&#8221;proposta&#8221; _builder_version=&#8221;3.22.3&#8243; custom_padding=&#8221;49px||49px||true|&#8221; fb_built=&#8221;1&#8243; _i=&#8221;4&#8243; _address=&#8221;4&#8243;][et_pb_row module_class=&#8221; et_pb_row_fullwidth&#8221; _builder_version=&#8221;3.25&#8243; width=&#8221;89%&#8221; width_tablet=&#8221;80%&#8221; width_last_edited=&#8221;on|desktop&#8221; max_width=&#8221;89%&#8221; max_width_tablet=&#8221;80%&#8221; max_width_last_edited=&#8221;on|desktop&#8221; make_fullwidth=&#8221;on&#8221; _i=&#8221;0&#8243; _address=&#8221;4.0&#8243;][et_pb_column type=&#8221;4_4&#8243; _builder_version=&#8221;3.25&#8243; custom_padding=&#8221;|||&#8221; _i=&#8221;0&#8243; _address=&#8221;4.0.0&#8243; custom_padding__hover=&#8221;|||&#8221;][et_pb_text _builder_version=&#8221;3.27.4&#8243; text_font=&#8221;||||||||&#8221; text_font_size=&#8221;25px&#8221; text_line_height=&#8221;1.8em&#8221; header_font=&#8221;||||||||&#8221; header_3_font=&#8221;|300|||||||&#8221; header_4_font=&#8221;|300|||||||&#8221; text_orientation=&#8221;center&#8221; _i=&#8221;0&#8243; _address=&#8221;4.0.0.0&#8243;]<\/p>\n<h4 class=\"center\">O que nossos clientes dizem<\/h4>\n<p>[\/et_pb_text][\/et_pb_column][\/et_pb_row][et_pb_row column_structure=&#8221;1_2,1_2&#8243; make_equal=&#8221;on&#8221; module_class=&#8221; et_pb_row_fullwidth&#8221; _builder_version=&#8221;3.25&#8243; width=&#8221;89%&#8221; width_tablet=&#8221;80%&#8221; width_last_edited=&#8221;on|desktop&#8221; max_width=&#8221;89%&#8221; max_width_tablet=&#8221;80%&#8221; max_width_last_edited=&#8221;on|desktop&#8221; make_fullwidth=&#8221;on&#8221; _i=&#8221;1&#8243; _address=&#8221;4.1&#8243;][et_pb_column type=&#8221;1_2&#8243; _builder_version=&#8221;3.25&#8243; custom_padding=&#8221;|||&#8221; _i=&#8221;0&#8243; _address=&#8221;4.1.0&#8243; custom_padding__hover=&#8221;|||&#8221;][et_pb_testimonial author=&#8221;Ednei Moises Silveira&#8221; job_title=&#8221;Contador&#8221; _builder_version=&#8221;3.23.3&#8243; _i=&#8221;0&#8243; _address=&#8221;4.1.0.0&#8243;]<\/p>\n<p>Para mim, foi uma surpresa a agilidade e rapidez com que tudo aconteceu. Outras institui\u00e7\u00f5es pedem um monte de coisa e n\u00e3o d\u00e1 em nada. Fiquei extremamente satisfeito com a Money J\u00e1.<\/p>\n<p>[\/et_pb_testimonial][\/et_pb_column][et_pb_column type=&#8221;1_2&#8243; _builder_version=&#8221;3.25&#8243; custom_padding=&#8221;|||&#8221; _i=&#8221;1&#8243; _address=&#8221;4.1.1&#8243; custom_padding__hover=&#8221;|||&#8221;][et_pb_testimonial author=&#8221;Antonio Andr\u00e9 Zeni&#8221; job_title=&#8221;Advogado&#8221; _builder_version=&#8221;3.23.3&#8243; _i=&#8221;0&#8243; _address=&#8221;4.1.1.0&#8243;]<\/p>\n<p>Godtaria de agradecer pela for\u00e7a recebida da Money J\u00e1 e leogiar o atendimento personalizado, desde o in\u00edcio da an\u00e1lise do cr\u00e9dito, at\u00e9 a finaliza\u00e7\u00e3o da negocia\u00e7\u00e3o.<\/p>\n<p>[\/et_pb_testimonial][\/et_pb_column][\/et_pb_row][\/et_pb_section][et_pb_section fb_built=&#8221;1&#8243; module_id=&#8221;proposta&#8221; _builder_version=&#8221;3.22.3&#8243; custom_padding=&#8221;0px||0px||true|&#8221; fb_built=&#8221;1&#8243; _i=&#8221;5&#8243; _address=&#8221;5&#8243;][\/et_pb_section][et_pb_section fb_built=&#8221;1&#8243; _builder_version=&#8221;3.22.3&#8243; background_color=&#8221;#f1f1f1&#8243; custom_padding=&#8221;50.8281px|0px|50.8281px|0px|true|false&#8221; fb_built=&#8221;1&#8243; _i=&#8221;6&#8243; _address=&#8221;6&#8243;][et_pb_row column_structure=&#8221;2_5,3_5&#8243; module_id=&#8221;financiamento&#8221; module_class=&#8221; et_pb_row_fullwidth&#8221; _builder_version=&#8221;3.25&#8243; width=&#8221;89%&#8221; width_tablet=&#8221;80%&#8221; width_last_edited=&#8221;on|desktop&#8221; max_width=&#8221;89%&#8221; max_width_tablet=&#8221;80%&#8221; max_width_last_edited=&#8221;on|desktop&#8221; custom_padding=&#8221;38px|0px|38px|0px|true|false&#8221; make_fullwidth=&#8221;on&#8221; _i=&#8221;0&#8243; _address=&#8221;6.0&#8243;][et_pb_column type=&#8221;2_5&#8243; _builder_version=&#8221;3.25&#8243; custom_padding=&#8221;|||&#8221; _i=&#8221;0&#8243; _address=&#8221;6.0.0&#8243; custom_padding__hover=&#8221;|||&#8221;][et_pb_divider show_divider=&#8221;off&#8221; disabled_on=&#8221;on|on|off&#8221; _builder_version=&#8221;3.23.4&#8243; height=&#8221;0px&#8221; _i=&#8221;0&#8243; _address=&#8221;6.0.0.0&#8243;][\/et_pb_divider][et_pb_text _builder_version=&#8221;3.27.4&#8243; text_font=&#8221;||||||||&#8221; text_font_size=&#8221;25px&#8221; text_line_height=&#8221;1.8em&#8221; header_font=&#8221;||||||||&#8221; header_3_font=&#8221;||||||||&#8221; header_3_text_color=&#8221;#f7931e&#8221; _i=&#8221;1&#8243; _address=&#8221;6.0.0.1&#8243;]<\/p>\n<h3>Solicite uma proposta gratuita e sem compromisso.<\/h3>\n<p>[\/et_pb_text][et_pb_text _builder_version=&#8221;3.27.4&#8243; _i=&#8221;2&#8243; _address=&#8221;6.0.0.2&#8243;]<\/p>\n<p>Preencha o formul\u00e1rio ao lado e receba o contato de um dos nossos especialistas em at\u00e9 24 horas.<\/p>\n<p>Vamos entender melhor o que voc\u00ea precisa para encontrar a solu\u00e7\u00e3o de cr\u00e9dito ideal para a sua necessidade.<\/p>\n<p>Voc\u00ea tamb\u00e9m pode entrar em contato com a gente de qualquer lugar do Brasil pelo telefone (11) 4624-6009.<\/p>\n<p>Hor\u00e1rio de atendimento de Seg. a Sex. das 08h \u00e0s 20h.<\/p>\n<p>&nbsp;<\/p>\n<p>[\/et_pb_text][\/et_pb_column][et_pb_column type=&#8221;3_5&#8243; _builder_version=&#8221;3.25&#8243; custom_padding=&#8221;|||&#8221; _i=&#8221;1&#8243; _address=&#8221;6.0.1&#8243; custom_padding__hover=&#8221;|||&#8221;][et_pb_code _builder_version=&#8221;3.29.3&#8243; custom_padding=&#8221;||1px|||&#8221; hover_enabled=&#8221;0&#8243; _i=&#8221;0&#8243; _address=&#8221;6.0.1.0&#8243;]<iframe width=\"100%\" height=\"100%\" frameborder=\"0\" src=\"https:\/\/promocredito.octadesk.com\/custom-form\/079ed8b5-33cb-4e8f-92b1-7a0322aee0b1?linkStyle=http%3A%2F%2Fmoneyja.com.br%2Fwp-content%2Fthemes%2FDivi-child%2Foctadesk.css\"<!-- [et_pb_line_break_holder] -->        style=&#8221;min-height: 650px;&#8221;><!-- [et_pb_line_break_holder] --><\/iframe>[\/et_pb_code][\/et_pb_column][\/et_pb_row][\/et_pb_section]<\/p>\n","protected":false},"excerpt":{"rendered":"<p>[rank_math_breadcrumb]N\u00e3o Cobramos Taxas Antecipadas Para Sua Seguran\u00e7a, e ajudamos voc\u00ea mesmo que j\u00e1 tenha sido Reprovado em Outros Bancos!N\u00f3s da Money J\u00e1 buscamos atender e flexibilizar esse processo, at\u00e9 para aqueles que j\u00e1 tiveram tentativas de financiamento recusadas. Nosso objetivo \u00e9 ajudar voc\u00ea a ficar mais pr\u00f3ximo do sonho de uma casa pr\u00f3pria.Taxas a partir [&hellip;]<\/p>\n","protected":false},"author":1,"featured_media":0,"parent":0,"menu_order":0,"comment_status":"closed","ping_status":"closed","template":"","meta":{"_et_pb_use_builder":"on","_et_pb_old_content":"","_et_gb_content_width":"","_joinchat":[],"footnotes":""},"class_list":["post-309","page","type-page","status-publish","hentry"],"_links":{"self":[{"href":"https:\/\/moneyja.com.br\/index.php?rest_route=\/wp\/v2\/pages\/309","targetHints":{"allow":["GET"]}}],"collection":[{"href":"https:\/\/moneyja.com.br\/index.php?rest_route=\/wp\/v2\/pages"}],"about":[{"href":"https:\/\/moneyja.com.br\/index.php?rest_route=\/wp\/v2\/types\/page"}],"author":[{"embeddable":true,"href":"https:\/\/moneyja.com.br\/index.php?rest_route=\/wp\/v2\/users\/1"}],"replies":[{"embeddable":true,"href":"https:\/\/moneyja.com.br\/index.php?rest_route=%2Fwp%2Fv2%2Fcomments&post=309"}],"version-history":[{"count":9,"href":"https:\/\/moneyja.com.br\/index.php?rest_route=\/wp\/v2\/pages\/309\/revisions"}],"predecessor-version":[{"id":118755,"href":"https:\/\/moneyja.com.br\/index.php?rest_route=\/wp\/v2\/pages\/309\/revisions\/118755"}],"wp:attachment":[{"href":"https:\/\/moneyja.com.br\/index.php?rest_route=%2Fwp%2Fv2%2Fmedia&parent=309"}],"curies":[{"name":"wp","href":"https:\/\/api.w.org\/{rel}","templated":true}]}}