{"id":293,"date":"2019-06-03T21:55:19","date_gmt":"2019-06-03T21:55:19","guid":{"rendered":"http:\/\/moneyja.com.br\/?page_id=293"},"modified":"2019-06-03T23:51:14","modified_gmt":"2019-06-03T23:51:14","slug":"quem-somos","status":"publish","type":"page","link":"https:\/\/moneyja.com.br\/?page_id=293","title":{"rendered":"Quem Somos"},"content":{"rendered":"<p>Money J\u00e1 Empresa Certificada pela FEBRABAN a atuar em neg\u00f3cios e opera\u00e7\u00f5es do sistema banc\u00e1rio do Brasil .<\/p>\n<p>Nossa regulamenta\u00e7\u00e3o permite a atua\u00e7\u00e3o em opera\u00e7\u00f5es de cr\u00e9dito com garantia de im\u00f3vel desde o Financiamento de im\u00f3vel, bem como o Refinanciamento de im\u00f3vel ,ou seja im\u00f3veis que ainda possuam saldo devedor e necessite de nova opera\u00e7\u00e3o de cr\u00e9dito ou somente a portabilidade (transfer\u00eancia de divida para outro banco com taxas mais atrativas).<\/p>\n<p>Empr\u00e9stimo com Garantia de Im\u00f3vel : Opera\u00e7\u00e3o onde \u00e9 oferecido o im\u00f3vel em garantia de pagamento para obter taxas atrativas e bem a baixo das praticadas no mercado, ideal para fazer a portabilidade de dividas , ou seja quitar dividas com prazos curtos e juros altos por parcelas menores com juros baixos e prazo adequado , chamado tamb\u00e9m pelo nome de cr\u00e9dito inteligente.<\/p>\n<p>Money J\u00e1 atua em todos as principais cidades de todo Brasil , basta um contato que ou um pedido de simula\u00e7\u00e3o informando o valor pretendido mais o valor do im\u00f3vel e o munic\u00edpio em que ele esta localizado e rapidamente passaremos desde a disponibilidade bem como as condi\u00e7\u00f5es para\u00a0 realiza\u00e7\u00e3o de Opera\u00e7\u00e3o de Cr\u00e9dito.<\/p>\n<p>Money J\u00e1:\u00a0 Rua Madre Rosselo 146 casa B3 Centro Osasco &#8211; S\u00e3o Paulo.<\/p>\n<p>CNPJ : 00.151.569\/0001-58 ( MEU CREDITO MELHOR)<\/p>\n<p>Telefones: (11) 4624-6009\u00a0 \u00a0(11) 99006-7007<\/p>\n","protected":false},"excerpt":{"rendered":"<p>Money J\u00e1 Empresa Certificada pela FEBRABAN a atuar em neg\u00f3cios e opera\u00e7\u00f5es do sistema banc\u00e1rio do Brasil . Nossa regulamenta\u00e7\u00e3o permite a atua\u00e7\u00e3o em opera\u00e7\u00f5es de cr\u00e9dito com garantia de im\u00f3vel desde o Financiamento de im\u00f3vel, bem como o Refinanciamento de im\u00f3vel ,ou seja im\u00f3veis que ainda possuam saldo devedor e necessite de nova opera\u00e7\u00e3o [&hellip;]<\/p>\n","protected":false},"author":1,"featured_media":0,"parent":0,"menu_order":0,"comment_status":"closed","ping_status":"closed","template":"","meta":{"_et_pb_use_builder":"","_et_pb_old_content":"","_et_gb_content_width":"","_joinchat":[],"footnotes":""},"class_list":["post-293","page","type-page","status-publish","hentry"],"_links":{"self":[{"href":"https:\/\/moneyja.com.br\/index.php?rest_route=\/wp\/v2\/pages\/293","targetHints":{"allow":["GET"]}}],"collection":[{"href":"https:\/\/moneyja.com.br\/index.php?rest_route=\/wp\/v2\/pages"}],"about":[{"href":"https:\/\/moneyja.com.br\/index.php?rest_route=\/wp\/v2\/types\/page"}],"author":[{"embeddable":true,"href":"https:\/\/moneyja.com.br\/index.php?rest_route=\/wp\/v2\/users\/1"}],"replies":[{"embeddable":true,"href":"https:\/\/moneyja.com.br\/index.php?rest_route=%2Fwp%2Fv2%2Fcomments&post=293"}],"version-history":[{"count":1,"href":"https:\/\/moneyja.com.br\/index.php?rest_route=\/wp\/v2\/pages\/293\/revisions"}],"predecessor-version":[{"id":294,"href":"https:\/\/moneyja.com.br\/index.php?rest_route=\/wp\/v2\/pages\/293\/revisions\/294"}],"wp:attachment":[{"href":"https:\/\/moneyja.com.br\/index.php?rest_route=%2Fwp%2Fv2%2Fmedia&parent=293"}],"curies":[{"name":"wp","href":"https:\/\/api.w.org\/{rel}","templated":true}]}}