{"id":118812,"date":"2020-08-24T10:35:57","date_gmt":"2020-08-24T13:35:57","guid":{"rendered":"http:\/\/moneyja.com.br\/?page_id=118812"},"modified":"2020-09-05T15:47:25","modified_gmt":"2020-09-05T18:47:25","slug":"credito-emergencial-para-empresas","status":"publish","type":"page","link":"https:\/\/moneyja.com.br\/?page_id=118812","title":{"rendered":"Cr\u00e9dito Emergencial para Empresas"},"content":{"rendered":"<p>[et_pb_section fb_built=&#8221;1&#8243; custom_padding_last_edited=&#8221;on|desktop&#8221; _builder_version=&#8221;3.23.3&#8243; use_background_color_gradient=&#8221;on&#8221; background_color_gradient_start=&#8221;#21932c&#8221; background_image=&#8221;http:\/\/moneyja.com.br\/wp-content\/uploads\/2019\/06\/emprestimo-empresarial.jpg&#8221; background_blend=&#8221;multiply&#8221; custom_padding=&#8221;40px|0px|38px|0px|false|false&#8221; custom_padding_tablet=&#8221;&#8221; custom_padding_phone=&#8221;35px||35px||true|false&#8221;][et_pb_row custom_padding_last_edited=&#8221;on|phone&#8221; _builder_version=&#8221;3.25&#8243; custom_padding=&#8221;34px|0px|34px|0px|true|false&#8221; custom_padding_tablet=&#8221;0px||0px&#8221; custom_padding_phone=&#8221;&#8221;][et_pb_column type=&#8221;4_4&#8243; _builder_version=&#8221;3.25&#8243; custom_padding=&#8221;|||&#8221; custom_padding__hover=&#8221;|||&#8221;][et_pb_post_title meta=&#8221;off&#8221; featured_image=&#8221;off&#8221; text_color=&#8221;light&#8221; _builder_version=&#8221;3.23.3&#8243; title_font=&#8221;||||||||&#8221; meta_font=&#8221;||||||||&#8221; title_font_size_tablet=&#8221;&#8221; title_font_size_phone=&#8221;40px&#8221; title_font_size_last_edited=&#8221;on|phone&#8221;][\/et_pb_post_title][et_pb_divider show_divider=&#8221;off&#8221; _builder_version=&#8221;3.23.4&#8243; height=&#8221;0px&#8221;][\/et_pb_divider][et_pb_text _builder_version=&#8221;3.27.4&#8243; text_font=&#8221;||||||||&#8221; text_font_size=&#8221;15px&#8221; background_layout=&#8221;dark&#8221; text_font_size_tablet=&#8221;&#8221; text_font_size_phone=&#8221;&#8221; text_font_size_last_edited=&#8221;on|phone&#8221;]<\/p>\n<p>[rank_math_breadcrumb]<\/p>\n<p>[\/et_pb_text][et_pb_text _builder_version=&#8221;4.5.7&#8243; text_font=&#8221;||||||||&#8221; text_font_size=&#8221;30px&#8221; text_line_height=&#8221;1.8em&#8221; background_layout=&#8221;dark&#8221;]<\/p>\n<p>Voc\u00ea faz uso do recurso do jeito que achar melhor.<\/p>\n<p>[\/et_pb_text][et_pb_text _builder_version=&#8221;4.5.7&#8243; text_font=&#8221;||||||||&#8221; text_font_size=&#8221;20px&#8221; background_layout=&#8221;dark&#8221;]<\/p>\n<p>Sem necessidadede garantia real*<\/p>\n<p>Com apoio do BNDES FGI<\/p>\n<p>[\/et_pb_text][et_pb_divider show_divider=&#8221;off&#8221; _builder_version=&#8221;3.23.4&#8243; height=&#8221;0px&#8221;][\/et_pb_divider][et_pb_button button_url=&#8221;#proposta&#8221; button_text=&#8221;Comece a Pagar s\u00f3 em 2021&#8243; button_alignment=&#8221;left&#8221; _builder_version=&#8221;4.5.7&#8243; custom_button=&#8221;on&#8221; button_text_size=&#8221;14px&#8221; button_bg_color=&#8221;#f7931e&#8221; button_border_width=&#8221;10px&#8221; button_border_color=&#8221;#F7931E&#8221; button_border_radius=&#8221;25px&#8221; button_font=&#8221;|800||on|||||&#8221; button_icon=&#8221;%%155%%&#8221; background_layout=&#8221;dark&#8221; button_bg_color__hover_enabled=&#8221;on&#8221; button_bg_color__hover=&#8221;#21932c&#8221; button_border_color__hover_enabled=&#8221;on&#8221; button_border_color__hover=&#8221;#21932c&#8221;][\/et_pb_button][\/et_pb_column][\/et_pb_row][\/et_pb_section][et_pb_section fb_built=&#8221;1&#8243; _builder_version=&#8221;4.6.0&#8243; _module_preset=&#8221;default&#8221; background_color=&#8221;#21932c&#8221; custom_padding=&#8221;0px||0px||true|&#8221;][et_pb_row column_structure=&#8221;1_3,1_3,1_3&#8243; _builder_version=&#8221;4.5.7&#8243; _module_preset=&#8221;default&#8221;][et_pb_column type=&#8221;1_3&#8243; _builder_version=&#8221;4.5.7&#8243; _module_preset=&#8221;default&#8221;][et_pb_text _builder_version=&#8221;4.5.7&#8243; _module_preset=&#8221;default&#8221; text_text_color=&#8221;#ffffff&#8221; text_font_size=&#8221;18px&#8221; text_orientation=&#8221;center&#8221;]<\/p>\n<p>Cr\u00e9ditos de <strong>R$ 50 MIL<\/strong>\u00a0a <strong>R$ 700 MIL<\/strong><\/p>\n<p>[\/et_pb_text][\/et_pb_column][et_pb_column type=&#8221;1_3&#8243; _builder_version=&#8221;4.5.7&#8243; _module_preset=&#8221;default&#8221;][et_pb_text _builder_version=&#8221;4.5.7&#8243; _module_preset=&#8221;default&#8221; text_text_color=&#8221;#ffffff&#8221; text_font_size=&#8221;18px&#8221; text_orientation=&#8221;center&#8221;]<\/p>\n<p><strong>AT\u00c9 60 MESES<\/strong> para pagar com <strong>6 de CAR\u00caNCIA<\/strong>**<\/p>\n<p>[\/et_pb_text][\/et_pb_column][et_pb_column type=&#8221;1_3&#8243; _builder_version=&#8221;4.5.7&#8243; _module_preset=&#8221;default&#8221;][et_pb_text _builder_version=&#8221;4.5.7&#8243; _module_preset=&#8221;default&#8221; text_text_color=&#8221;#ffffff&#8221; text_font_size=&#8221;18px&#8221; text_orientation=&#8221;center&#8221;]<\/p>\n<p><b>ON-LINE <\/b>com an\u00e1lise em <strong>24 HORAS<\/strong>***<\/p>\n<p>[\/et_pb_text][\/et_pb_column][\/et_pb_row][\/et_pb_section][et_pb_section fb_built=&#8221;1&#8243; _builder_version=&#8221;4.5.7&#8243; background_enable_color=&#8221;off&#8221; custom_padding=&#8221;50.8281px|0px|50.8281px|0px|true|false&#8221;][et_pb_row column_structure=&#8221;1_2,1_2&#8243; make_equal=&#8221;on&#8221; module_class=&#8221; et_pb_row_fullwidth&#8221; _builder_version=&#8221;3.25&#8243; width=&#8221;89%&#8221; width_tablet=&#8221;80%&#8221; width_phone=&#8221;&#8221; width_last_edited=&#8221;on|desktop&#8221; max_width=&#8221;89%&#8221; max_width_tablet=&#8221;80%&#8221; max_width_phone=&#8221;&#8221; max_width_last_edited=&#8221;on|desktop&#8221; make_fullwidth=&#8221;on&#8221;][et_pb_column type=&#8221;1_2&#8243; _builder_version=&#8221;3.25&#8243; custom_padding=&#8221;|||&#8221; custom_padding__hover=&#8221;|||&#8221;][et_pb_text _builder_version=&#8221;4.5.7&#8243; text_font=&#8221;||||||||&#8221; text_font_size=&#8221;18px&#8221;]<\/p>\n<p>O Cr\u00e9dito Emergencial Money J\u00e1 \u00e9 um empr\u00e9stimo do Banco Money J\u00e1 para empresas, sem a necessidade de garantia real at\u00e9 o valor de R$ 700 mil, com o apoio do BNDES FGI*<\/p>\n<p>[\/et_pb_text][et_pb_text _builder_version=&#8221;4.5.7&#8243; text_font=&#8221;||||||||&#8221; text_font_size=&#8221;18px&#8221;]<\/p>\n<h3>Pr\u00e9-requisitos para contrata\u00e7\u00e3o do cr\u00e9dito:<\/h3>\n<div class=\"text banana\">\u2022 Faturamento anual de R$ 500 mil at\u00e9 R$ 300 milh\u00f5es (Para faturamento abaixo de R$ 30 milh\u00f5es, o cr\u00e9dito \u00e9 limitado a R$ 700 mil e faturamento acima de R$ 30 milh\u00f5es, limitado a R$ 10 milh\u00f5es).<br \/>\u2022 M\u00ednimo de 5 anos de funda\u00e7\u00e3o.<br \/>\u2022 Para sociedades empresariais limitadas (LTDA), an\u00f4nimas (SA) e outras compostas por s\u00f3cios, n\u00e3o sendo v\u00e1lidas para empresas MEI ou empres\u00e1rio individual.<\/div>\n<p>[\/et_pb_text][et_pb_text _builder_version=&#8221;4.5.7&#8243; text_font=&#8221;||||||||&#8221; text_font_size=&#8221;18px&#8221;]<\/p>\n<p><strong>Para ajudar a sua empresa, a exig\u00eancia de certid\u00f5es negativas (CND e CRF) n\u00e3o \u00e9 mais obrigat\u00f3rio.<\/strong><\/p>\n<p><strong>Aproveite a oportunidade!<\/strong><\/p>\n<p>[\/et_pb_text][et_pb_text _builder_version=&#8221;4.5.7&#8243; text_font=&#8221;||||||||&#8221; text_font_size=&#8221;11px&#8221;]<\/p>\n<p><small>* Sem a necessidade de garantia real para cr\u00e9ditos at\u00e9 R$ 700 mil.<\/small><br \/><small>** Com pagamento de encargos na car\u00eancia.<\/small><br \/><small>*** Ap\u00f3s envio da documenta\u00e7\u00e3o exigida, contagem em um dia \u00fatil.<\/small><br \/><small>V\u00e1lido para cr\u00e9dito menor que R$ 700 mil.<\/small><\/p>\n<p><small>Condi\u00e7\u00f5es sujeitas a an\u00e1lise de cr\u00e9dito.<\/small><\/p>\n<p>[\/et_pb_text][\/et_pb_column][et_pb_column type=&#8221;1_2&#8243; _builder_version=&#8221;3.25&#8243; custom_padding=&#8221;|||&#8221; custom_padding__hover=&#8221;|||&#8221;][et_pb_image src=&#8221;http:\/\/moneyja.com.br\/wp-content\/uploads\/2020\/08\/BNDES-FGI.png&#8221; title_text=&#8221;BNDES-FGI&#8221; align=&#8221;center&#8221; align_tablet=&#8221;center&#8221; align_phone=&#8221;&#8221; align_last_edited=&#8221;on|desktop&#8221; _builder_version=&#8221;4.5.7&#8243;][\/et_pb_image][\/et_pb_column][\/et_pb_row][\/et_pb_section][et_pb_section fb_built=&#8221;1&#8243; _builder_version=&#8221;4.5.7&#8243; _module_preset=&#8221;default&#8221; background_color=&#8221;rgba(33,147,44,0.16)&#8221; custom_padding=&#8221;0px||0px||true|&#8221; locked=&#8221;off&#8221;][et_pb_row _builder_version=&#8221;4.5.7&#8243; _module_preset=&#8221;default&#8221;][et_pb_column type=&#8221;4_4&#8243; _builder_version=&#8221;4.5.7&#8243; _module_preset=&#8221;default&#8221;][et_pb_text _builder_version=&#8221;4.5.7&#8243; _module_preset=&#8221;default&#8221; text_text_color=&#8221;#21932c&#8221; text_font_size=&#8221;18px&#8221; text_orientation=&#8221;center&#8221;]<\/p>\n<p>Se a sua empresa precisa de um empr\u00e9stimo maior que R$ 700 mil, simule seu cr\u00e9dito e seja atendido por um gerente comercial.<\/p>\n<p>[\/et_pb_text][\/et_pb_column][\/et_pb_row][\/et_pb_section][et_pb_section fb_built=&#8221;1&#8243; _builder_version=&#8221;3.22.3&#8243; custom_padding=&#8221;||41px|||&#8221;][et_pb_row module_id=&#8221;proposta&#8221; module_class=&#8221;proposta&#8221; _builder_version=&#8221;4.5.7&#8243;][et_pb_column type=&#8221;4_4&#8243; _builder_version=&#8221;3.25&#8243; custom_padding=&#8221;|||&#8221; custom_padding__hover=&#8221;|||&#8221;][et_pb_text _builder_version=&#8221;4.5.7&#8243; text_font=&#8221;||||||||&#8221; text_font_size=&#8221;30px&#8221; text_orientation=&#8221;center&#8221; max_width=&#8221;65%&#8221; max_width_tablet=&#8221;&#8221; max_width_phone=&#8221;&#8221; max_width_last_edited=&#8221;on|phone&#8221; module_alignment=&#8221;center&#8221; custom_margin=&#8221;||-2px|||&#8221;]<\/p>\n<h2><strong><span style=\"color: #f7931e;\">Simule seu cr\u00e9dito<\/span><\/strong><\/h2>\n<p>[\/et_pb_text][et_pb_text _builder_version=&#8221;4.5.7&#8243; text_font=&#8221;||||||||&#8221; header_font=&#8221;||||||||&#8221; text_orientation=&#8221;center&#8221; max_width=&#8221;60%&#8221; max_width_tablet=&#8221;&#8221; max_width_phone=&#8221;&#8221; max_width_last_edited=&#8221;on|phone&#8221; module_alignment=&#8221;center&#8221; custom_margin=&#8221;||10px|||&#8221;]<\/p>\n<p>Preencha o formul\u00e1rio abaixo<\/p>\n<p>[\/et_pb_text][et_pb_code _builder_version=&#8221;4.6.0&#8243; _module_preset=&#8221;default&#8221; text_orientation=&#8221;center&#8221; custom_padding=&#8221;||0px|||&#8221; hover_enabled=&#8221;0&#8243; sticky_enabled=&#8221;0&#8243;]<iframe src=\"https:\/\/31.e-goi.com\/w\/1e5e1j7zejboNQ4cMe0ca9f4-8\" width=\"850\" height=\"391\" style=\"border: 0 none;\"><\/iframe>[\/et_pb_code][\/et_pb_column][\/et_pb_row][\/et_pb_section]<\/p>\n","protected":false},"excerpt":{"rendered":"<p>[rank_math_breadcrumb]Voc\u00ea faz uso do recurso do jeito que achar melhor.Sem necessidadede garantia real* Com apoio do BNDES FGICr\u00e9ditos de R$ 50 MIL\u00a0a R$ 700 MILAT\u00c9 60 MESES para pagar com 6 de CAR\u00caNCIA**ON-LINE com an\u00e1lise em 24 HORAS***O Cr\u00e9dito Emergencial Money J\u00e1 \u00e9 um empr\u00e9stimo do Banco Money J\u00e1 para empresas, sem a necessidade de [&hellip;]<\/p>\n","protected":false},"author":4,"featured_media":0,"parent":0,"menu_order":0,"comment_status":"closed","ping_status":"closed","template":"","meta":{"_et_pb_use_builder":"on","_et_pb_old_content":"","_et_gb_content_width":"","_joinchat":[],"footnotes":""},"class_list":["post-118812","page","type-page","status-publish","hentry"],"_links":{"self":[{"href":"https:\/\/moneyja.com.br\/index.php?rest_route=\/wp\/v2\/pages\/118812","targetHints":{"allow":["GET"]}}],"collection":[{"href":"https:\/\/moneyja.com.br\/index.php?rest_route=\/wp\/v2\/pages"}],"about":[{"href":"https:\/\/moneyja.com.br\/index.php?rest_route=\/wp\/v2\/types\/page"}],"author":[{"embeddable":true,"href":"https:\/\/moneyja.com.br\/index.php?rest_route=\/wp\/v2\/users\/4"}],"replies":[{"embeddable":true,"href":"https:\/\/moneyja.com.br\/index.php?rest_route=%2Fwp%2Fv2%2Fcomments&post=118812"}],"version-history":[{"count":8,"href":"https:\/\/moneyja.com.br\/index.php?rest_route=\/wp\/v2\/pages\/118812\/revisions"}],"predecessor-version":[{"id":118830,"href":"https:\/\/moneyja.com.br\/index.php?rest_route=\/wp\/v2\/pages\/118812\/revisions\/118830"}],"wp:attachment":[{"href":"https:\/\/moneyja.com.br\/index.php?rest_route=%2Fwp%2Fv2%2Fmedia&parent=118812"}],"curies":[{"name":"wp","href":"https:\/\/api.w.org\/{rel}","templated":true}]}}